{"id":1026,"date":"2026-02-18T01:00:47","date_gmt":"2026-02-18T01:00:47","guid":{"rendered":"https:\/\/sampin.com.mx\/?page_id=1026"},"modified":"2026-02-18T01:01:31","modified_gmt":"2026-02-18T01:01:31","slug":"pobreza-y-salud-mental-andantes-urbanos-invisibles","status":"publish","type":"page","link":"https:\/\/sampin.com.mx\/?page_id=1026","title":{"rendered":"Pobreza y Salud Mental: andantes urbanos &#8220;invisibles&#8221;"},"content":{"rendered":"\t\t<div data-elementor-type=\"wp-page\" data-elementor-id=\"1026\" class=\"elementor elementor-1026\" data-elementor-post-type=\"page\">\n\t\t\t\t<div class=\"elementor-element elementor-element-5129e2a5 e-flex e-con-boxed e-con e-parent\" data-id=\"5129e2a5\" data-element_type=\"container\">\n\t\t\t\t\t<div class=\"e-con-inner\">\n\t\t\t\t<div class=\"elementor-element elementor-element-27952c5a elementor-widget elementor-widget-theme-post-title elementor-page-title elementor-widget-heading\" data-id=\"27952c5a\" data-element_type=\"widget\" data-widget_type=\"theme-post-title.default\">\n\t\t\t\t<div class=\"elementor-widget-container\">\n\t\t\t\t\t<h1 class=\"elementor-heading-title elementor-size-default\">Pobreza y Salud Mental: andantes urbanos &#8220;invisibles&#8221;<\/h1>\t\t\t\t<\/div>\n\t\t\t\t<\/div>\n\t\t\t\t<div class=\"elementor-element elementor-element-79ccb37d elementor-align-center elementor-widget elementor-widget-post-info\" data-id=\"79ccb37d\" data-element_type=\"widget\" data-widget_type=\"post-info.default\">\n\t\t\t\t<div class=\"elementor-widget-container\">\n\t\t\t\t\t\t\t<ul class=\"elementor-inline-items elementor-icon-list-items elementor-post-info\">\n\t\t\t\t\t\t\t\t<li class=\"elementor-icon-list-item elementor-repeater-item-7f530f1 elementor-inline-item\" itemprop=\"datePublished\">\n\t\t\t\t\t\t<a href=\"https:\/\/sampin.com.mx\/?m=20260218\">\n\t\t\t\t\t\t\t\t\t\t\t\t\t\t<span class=\"elementor-icon-list-text elementor-post-info__item elementor-post-info__item--type-date\">\n\t\t\t\t\t\t\t\t\t\t<time>27\/05\/2024<\/time>\t\t\t\t\t<\/span>\n\t\t\t\t\t\t\t\t\t<\/a>\n\t\t\t\t<\/li>\n\t\t\t\t<li class=\"elementor-icon-list-item elementor-repeater-item-6863c75 elementor-inline-item\">\n\t\t\t\t\t\t\t\t\t\t\t\t\t<span class=\"elementor-icon-list-text elementor-post-info__item elementor-post-info__item--type-custom\">\n\t\t\t\t\t\t\t\t\t\tAna Catalina Garza Rodr\u00edguez de Garc\u00eda\t\t\t\t\t<\/span>\n\t\t\t\t\t\t\t\t<\/li>\n\t\t\t\t<\/ul>\n\t\t\t\t\t\t<\/div>\n\t\t\t\t<\/div>\n\t\t\t\t<div class=\"elementor-element elementor-element-827412d elementor-widget elementor-widget-text-editor\" data-id=\"827412d\" data-element_type=\"widget\" data-widget_type=\"text-editor.default\">\n\t\t\t\t<div class=\"elementor-widget-container\">\n\t\t\t\t\t\t\t\t\t<p><strong>Actual Presidenta del Consejo de Salud Mental para Indigentes, A. C. (SAMPIN) Lic. en Lengua Inglesa (ITESM) y docente.<\/strong><\/p><p><em>\u00a0<\/em><\/p><p><em>\u00a0<\/em><\/p><p><em>Es lamentable que, en el mundo, millones de horas de vida humana se pierdan debido a la incapacidad producida por las crisis causadas por trastornos mentales no atendidos adecuadamente. En M\u00e9xico, el n\u00famero de DALYs\u00a0 (a\u00f1os de vida ajustados por discapacidad) est\u00e1 por arriba del promedio mundial. (GBD 2019).<\/em><\/p><p>\u00a0<\/p><p>\u00a0<\/p><p>En el contexto actual del mundo, las corrientes de pensamiento nos arrastran mar adentro, hacia un horizonte desconocido, sin br\u00fajula y sin un destino claro. No nos permiten tocar tierra firme, conectar con la verdad del\u00a0<i>ser<\/i>\u00a0humano. Atrapados en este barco que nos aleja de puerto, se nos a\u00edsla y endurece el coraz\u00f3n; la esencia del hombre se convierte en una m\u00e1rtir de las tendencias del hoy. Son movimientos que generan reformas en nuestras leyes que se contraponen a la misma naturaleza humana y se interponen en una sana relaci\u00f3n entre las personas.<\/p><p>Pobreza y salud mental es un v\u00ednculo antiguo que navega con desenfreno en la marea de ideas actuales y motivaciones err\u00f3neas del hombre contempor\u00e1neo que ya no tiene claro el verdadero Derecho Humano. Tanta ideolog\u00eda nos ha llenado el disco duro de nuestras mentes y paralizado la Consciencia.<\/p><p>\u00a0<\/p><p>Hablemos de la palabra \u201casistencialismo\u201d que intenta desaparecer fugazmente del vocabulario en el mundo de la Filantrop\u00eda, considerando toda acci\u00f3n de misericordia como vana y sin sentido o de poco valor o impacto social. Reflexionemos en el uso de la palabra \u201cIndigente\u201d tambi\u00e9n considerada actualmente como nombre peyorativo para la persona en situaci\u00f3n de abandono; ahora se propone intercambiarla por el de \u201chabitante de la calle\u201d; eufemismo que intenta aliviar la dura y malsonante realidad que el hecho representa para nuestra integridad.\u00a0<\/p><p>\u00a0<\/p><p>\u00bfEs una calle, en donde encontramos basura, violencia, vulnerabilidad, un hogar digno para un ser humano en una sociedad del pleno siglo XXI? Parece como si nos remont\u00e1ramos a \u00e9pocas de la historia de la humanidad de oscurantismo y comprob\u00e1ramos que seguimos sin reconocer que\u00a0el desarrollo personal es el propio del Bien Com\u00fan.\u00a0<\/p><p>Que avanzar significa hacerlo de la mano con los que nos rodean. Nublamos nuestro pensamiento con ideolog\u00edas que intentan apagar la verdadera justicia de nuestra conciencia y del sentido original del propio ser para el que fuimos creados. Fuimos creados para ser \u201cdon\u201d, uno de otro. \u00bfPorqu\u00e9 esta marcha en sentido contrario? \u00bfDe abandono, de leyes que nos impiden ser?<\/p><p><b>\u00a0<\/b><\/p><p><b>\u00bfQu\u00e9 clase de ser humano permite a otro con diagn\u00f3stico psiqui\u00e1trico, permanecer en calle a merced de todo peligro y sin atenci\u00f3n a su condici\u00f3n? \u00bfPerdido en tiempo y espacio?<\/b><\/p><p>\u00a0<\/p><p>El problema de salud mental y pobreza queda claramente ejemplificado en el seno de una familia de escasos recursos al presentarse la enfermedad mental de un hijo, padre o hermano. El ambiente en la familia se vuelve disfuncional. El cuidado y la atenci\u00f3n a un familiar en esta condici\u00f3n desborda los limites y capacidades de todos sus miembros familiares y recrudece cuando se ven obligados a abrir las puertas a la calle a su ser querido. Sin recursos, sin posibilidad de diagn\u00f3stico, sin medicamento, con extrema dificultad de quien lo cuide, el paciente ser\u00e1 finalmente sentenciado al abandono y en su p\u00e9rdida del juicio, su resoluci\u00f3n por fallo, ser\u00e1 que desea voluntariamente permanecer en calle. Y ah\u00ed es donde permanecer\u00e1 por \u201cvoluntad propia\u201d por el resto de sus d\u00edas, deterior\u00e1ndose cada vez m\u00e1s, quiz\u00e1 siendo invisible para muchos, y complicando la vida de otros tantos cuando trate de robar algo de alimento o dormir en alg\u00fan lugar cubierto, por mencionar los agravantes menores y dejando a un lado la posibilidad de incrementar el nacimiento de ni\u00f1os en calle, con pocas posibilidades de lograr una vida digna.<\/p><p>\u00a0<\/p><p><img fetchpriority=\"high\" decoding=\"async\" class=\"alignnone wp-image-1031 size-full\" src=\"http:\/\/sampin.com.mx\/wp-content\/uploads\/2026\/02\/zamora-mich01-1.jpg\" alt=\"\" width=\"850\" height=\"590\" srcset=\"https:\/\/sampin.com.mx\/wp-content\/uploads\/2026\/02\/zamora-mich01-1.jpg 850w, https:\/\/sampin.com.mx\/wp-content\/uploads\/2026\/02\/zamora-mich01-1-300x208.jpg 300w, https:\/\/sampin.com.mx\/wp-content\/uploads\/2026\/02\/zamora-mich01-1-768x533.jpg 768w\" sizes=\"(max-width: 850px) 100vw, 850px\" \/><\/p><p style=\"margin-bottom: 13px; font-size: 17px;\">\u00a0<\/p><p style=\"margin-bottom: 13px; font-size: 17px;\">Una vez en \u201cpaseo por las v\u00edas de la ciudad\u201d, el paciente ser\u00e1 dif\u00edcilmente visualizado y podemos afirmar que el v\u00ednculo arriba mencionado, incrementa en n\u00famero de eslabones desafortunados: pobreza, salud mental, indigencia, discriminaci\u00f3n.\u00a0\u00a0<strong>M\u00e9xico ocupa el segundo lugar en el mundo en discriminaci\u00f3n hacia las personas con alguna condici\u00f3n de salud mental<\/strong><strong>.\u00a0<\/strong><\/p><p style=\"margin-bottom: 13px; font-size: 17px;\"><strong>En M\u00e9xico, tres de cada diez personas se enfrenta alg\u00fan trastorno mental a lo largo de su vida y solo menos del 40% de ellos recibe tratamiento.\u00a0<\/strong><a href=\"https:\/\/www.gob.mx\/\">https:\/\/www.gob.mx<\/a>\u00a0Julio 2023.<\/p><p style=\"margin-bottom: 13px; font-size: 17px;\">No se sabe cu\u00e1ntos de ellos llegar\u00e1n a vivir en condici\u00f3n de abandono, en las calles. Es un problema no visualizado, no conocido y por tanto no atendido hasta el d\u00eda de hoy. La capacidad de atenci\u00f3n gubernamental est\u00e1 rebasada y dif\u00edcilmente se encuentran estancias que reciban o brinden atenci\u00f3n a personas con discapacidad psicosocial, en total abandono y en el rango de edad entre los 18 y 60 a\u00f1os. La mayor\u00eda de las estructuras de asistencia social no cuenta con servicios para la poblaci\u00f3n dentro de este rango de edad, ya que se considera que la persona deber\u00eda de ser econ\u00f3micamente activa e independiente.<\/p><p style=\"margin-bottom: 13px; font-size: 17px;\">El presupuesto de Salud ofrecido a la poblaci\u00f3n sin seguridad social en t\u00e9rminos de Salud Mental en 2024 es menor al 2%. (<a href=\"https:\/\/ciep.mx\/\">https:\/\/ciep.mx<\/a>). Desde hace 14 a\u00f1os, Salud Mental para Indigentes, A. C. conocido como SAMPIN trabaja para que, personas con diagn\u00f3sticos psiqui\u00e1tricos que luchan por sobrevivir en calle o en vulnerabilidad, hagan valer su derecho a la salud, tratamiento y cuidado. Proporcionado atenci\u00f3n m\u00e9dica y seguimiento, a mujeres mayores de 18 a\u00f1os un Espacio Seguro donde pueden vivir y potencializar sus capacidades a trav\u00e9s de programas para su posible reinserci\u00f3n al trabajo, familia o sociedad.\u00a0<\/p><p style=\"margin-bottom: 13px; font-size: 17px;\">Adem\u00e1s, a trav\u00e9s del programa de consulta externa en SAMPIN, nos hemos dado cuenta como una persona con alguna adicci\u00f3n, puede liberarse y recuperar su salud, teniendo el acceso gratuito necesario a un buen diagn\u00f3stico psiqui\u00e1trico y seguimiento psicol\u00f3gico; previniendo el fin en calle y apoyando la integraci\u00f3n y vida en las familias.<\/p><p style=\"margin-bottom: 13px; font-size: 17px;\">Es lamentable que, en el mundo, millones de horas de vida humana se pierdan debido a la incapacidad producida por las crisis causadas por trastornos mentales no atendidos adecuadamente. En M\u00e9xico, el n\u00famero de DALYs\u00a0 (a\u00f1os de vida ajustados por discapacidad) est\u00e1 por arriba del promedio mundial. (GBD 2019)<\/p><p style=\"margin-bottom: 13px; font-size: 17px;\">EL principal diagn\u00f3stico psiqui\u00e1trico en muchos pa\u00edses, incluido M\u00e9xico, es la Depresi\u00f3n. Esta compromete la vida de m\u00e1s y m\u00e1s de nuestros j\u00f3venes, interrumpiendo su funcionalidad acad\u00e9mica, en el trabajo, familia e incluso acabando con su vida.\u00a0<b>De acuerdo con el INEGI 2021 en Nuevo Le\u00f3n el 30% de los suicidios ocurri\u00f3 en j\u00f3venes entre 10 y 24 a\u00f1os.<\/b><\/p><p style=\"margin-bottom: 13px; font-size: 17px;\">Es urgente considerar a la Salud Mental y a la Educaci\u00f3n, para la prevenci\u00f3n y tratamiento de las condiciones. Catequizar en la humanizaci\u00f3n y misericordia que todos nos debemos, en nuestras relaciones humanas para desestigmatizar a las personas con discapacidad en M\u00e9xico. Rehacer leyes que profundicen estos temas y reconozcan los verdaderos derechos de los individuos, incentivar a las empresas para que acrediten el trabajo del hombre o la mujer que ha sido diagnosticada y educar a la poblaci\u00f3n en campa\u00f1as y en colegios desde temprana edad.\u00a0<\/p><p style=\"margin-bottom: 13px; font-size: 17px;\">Finalmente, ponernos las gafas para mirar al indigente que encontramos con frecuencia, sentado en la banca de una Iglesia, en la entrada de la tienda, ah\u00ed est\u00e1, \u00a1es EL!\u00a0 y te invita a hacer algo, a volver a la orilla, a retomar la cornamusa en el muelle original, a permanecer en tierra firme y luchar por nuestros principios del Amor y del SER, como verdadero \u201cdon\u201d para el otro. (G\u00e9n 2,21).<\/p><p style=\"margin-bottom: 13px; font-size: 17px;\"><em>\u00a0<\/em><\/p><p style=\"margin-bottom: 13px; font-size: 17px;\"><em>\u00a0<\/em><\/p><p style=\"margin-bottom: 13px; font-size: 17px;\"><em>\u2013 Las ideas expresadas en este texto representan las opiniones de su autor.<\/em><\/p><p style=\"margin-bottom: 13px; font-size: 17px;\">\u00a0<\/p>\t\t\t\t\t\t\t\t<\/div>\n\t\t\t\t<\/div>\n\t\t\t\t\t<\/div>\n\t\t\t\t<\/div>\n\t\t<div class=\"elementor-element elementor-element-10c67675 e-flex e-con-boxed e-con e-parent\" data-id=\"10c67675\" data-element_type=\"container\">\n\t\t\t\t\t<div class=\"e-con-inner\">\n\t\t<div class=\"elementor-element elementor-element-45c69f90 e-con-full e-flex e-con e-child\" data-id=\"45c69f90\" data-element_type=\"container\">\n\t\t\t\t<div class=\"elementor-element elementor-element-5f511a5f elementor-widget elementor-widget-heading\" data-id=\"5f511a5f\" data-element_type=\"widget\" data-widget_type=\"heading.default\">\n\t\t\t\t<div class=\"elementor-widget-container\">\n\t\t\t\t\t<span class=\"elementor-heading-title elementor-size-default\">Share the Post:<\/span>\t\t\t\t<\/div>\n\t\t\t\t<\/div>\n\t\t\t\t<div class=\"elementor-element elementor-element-2aa5010a elementor-share-buttons--view-icon elementor-share-buttons--skin-minimal elementor-share-buttons--color-custom elementor-share-buttons--shape-square elementor-grid-0 elementor-widget elementor-widget-share-buttons\" data-id=\"2aa5010a\" data-element_type=\"widget\" data-widget_type=\"share-buttons.default\">\n\t\t\t\t<div class=\"elementor-widget-container\">\n\t\t\t\t\t\t\t<div class=\"elementor-grid\">\n\t\t\t\t\t\t\t\t<div class=\"elementor-grid-item\">\n\t\t\t\t\t\t<div\n\t\t\t\t\t\t\tclass=\"elementor-share-btn elementor-share-btn_facebook\"\n\t\t\t\t\t\t\trole=\"button\"\n\t\t\t\t\t\t\ttabindex=\"0\"\n\t\t\t\t\t\t\taria-label=\"Compartir en facebook\"\n\t\t\t\t\t\t>\n\t\t\t\t\t\t\t\t\t\t\t\t\t\t\t<span class=\"elementor-share-btn__icon\">\n\t\t\t\t\t\t\t\t<svg class=\"e-font-icon-svg e-fab-facebook\" viewBox=\"0 0 512 512\" xmlns=\"http:\/\/www.w3.org\/2000\/svg\"><path d=\"M504 256C504 119 393 8 256 8S8 119 8 256c0 123.78 90.69 226.38 209.25 245V327.69h-63V256h63v-54.64c0-62.15 37-96.48 93.67-96.48 27.14 0 55.52 4.84 55.52 4.84v61h-31.28c-30.8 0-40.41 19.12-40.41 38.73V256h68.78l-11 71.69h-57.78V501C413.31 482.38 504 379.78 504 256z\"><\/path><\/svg>\t\t\t\t\t\t\t<\/span>\n\t\t\t\t\t\t\t\t\t\t\t\t\t\t\t\t\t\t\t\t<\/div>\n\t\t\t\t\t<\/div>\n\t\t\t\t\t\t\t\t\t<div class=\"elementor-grid-item\">\n\t\t\t\t\t\t<div\n\t\t\t\t\t\t\tclass=\"elementor-share-btn elementor-share-btn_twitter\"\n\t\t\t\t\t\t\trole=\"button\"\n\t\t\t\t\t\t\ttabindex=\"0\"\n\t\t\t\t\t\t\taria-label=\"Compartir en twitter\"\n\t\t\t\t\t\t>\n\t\t\t\t\t\t\t\t\t\t\t\t\t\t\t<span class=\"elementor-share-btn__icon\">\n\t\t\t\t\t\t\t\t<svg class=\"e-font-icon-svg e-fab-twitter\" viewBox=\"0 0 512 512\" xmlns=\"http:\/\/www.w3.org\/2000\/svg\"><path d=\"M459.37 151.716c.325 4.548.325 9.097.325 13.645 0 138.72-105.583 298.558-298.558 298.558-59.452 0-114.68-17.219-161.137-47.106 8.447.974 16.568 1.299 25.34 1.299 49.055 0 94.213-16.568 130.274-44.832-46.132-.975-84.792-31.188-98.112-72.772 6.498.974 12.995 1.624 19.818 1.624 9.421 0 18.843-1.3 27.614-3.573-48.081-9.747-84.143-51.98-84.143-102.985v-1.299c13.969 7.797 30.214 12.67 47.431 13.319-28.264-18.843-46.781-51.005-46.781-87.391 0-19.492 5.197-37.36 14.294-52.954 51.655 63.675 129.3 105.258 216.365 109.807-1.624-7.797-2.599-15.918-2.599-24.04 0-57.828 46.782-104.934 104.934-104.934 30.213 0 57.502 12.67 76.67 33.137 23.715-4.548 46.456-13.32 66.599-25.34-7.798 24.366-24.366 44.833-46.132 57.827 21.117-2.273 41.584-8.122 60.426-16.243-14.292 20.791-32.161 39.308-52.628 54.253z\"><\/path><\/svg>\t\t\t\t\t\t\t<\/span>\n\t\t\t\t\t\t\t\t\t\t\t\t\t\t\t\t\t\t\t\t<\/div>\n\t\t\t\t\t<\/div>\n\t\t\t\t\t\t\t\t\t<div class=\"elementor-grid-item\">\n\t\t\t\t\t\t<div\n\t\t\t\t\t\t\tclass=\"elementor-share-btn elementor-share-btn_linkedin\"\n\t\t\t\t\t\t\trole=\"button\"\n\t\t\t\t\t\t\ttabindex=\"0\"\n\t\t\t\t\t\t\taria-label=\"Compartir en linkedin\"\n\t\t\t\t\t\t>\n\t\t\t\t\t\t\t\t\t\t\t\t\t\t\t<span class=\"elementor-share-btn__icon\">\n\t\t\t\t\t\t\t\t<svg class=\"e-font-icon-svg e-fab-linkedin\" viewBox=\"0 0 448 512\" xmlns=\"http:\/\/www.w3.org\/2000\/svg\"><path d=\"M416 32H31.9C14.3 32 0 46.5 0 64.3v383.4C0 465.5 14.3 480 31.9 480H416c17.6 0 32-14.5 32-32.3V64.3c0-17.8-14.4-32.3-32-32.3zM135.4 416H69V202.2h66.5V416zm-33.2-243c-21.3 0-38.5-17.3-38.5-38.5S80.9 96 102.2 96c21.2 0 38.5 17.3 38.5 38.5 0 21.3-17.2 38.5-38.5 38.5zm282.1 243h-66.4V312c0-24.8-.5-56.7-34.5-56.7-34.6 0-39.9 27-39.9 54.9V416h-66.4V202.2h63.7v29.2h.9c8.9-16.8 30.6-34.5 62.9-34.5 67.2 0 79.7 44.3 79.7 101.9V416z\"><\/path><\/svg>\t\t\t\t\t\t\t<\/span>\n\t\t\t\t\t\t\t\t\t\t\t\t\t\t\t\t\t\t\t\t<\/div>\n\t\t\t\t\t<\/div>\n\t\t\t\t\t\t<\/div>\n\t\t\t\t\t\t<\/div>\n\t\t\t\t<\/div>\n\t\t\t\t<\/div>\n\t\t\t\t\t<\/div>\n\t\t\t\t<\/div>\n\t\t<div class=\"elementor-element elementor-element-5b6ef21 e-flex e-con-boxed e-con e-parent\" data-id=\"5b6ef21\" data-element_type=\"container\">\n\t\t\t\t\t<div class=\"e-con-inner\">\n\t\t\t\t<div class=\"elementor-element elementor-element-95d48ac elementor-widget elementor-widget-spacer\" data-id=\"95d48ac\" data-element_type=\"widget\" data-widget_type=\"spacer.default\">\n\t\t\t\t<div class=\"elementor-widget-container\">\n\t\t\t\t\t\t\t<div class=\"elementor-spacer\">\n\t\t\t<div class=\"elementor-spacer-inner\"><\/div>\n\t\t<\/div>\n\t\t\t\t\t\t<\/div>\n\t\t\t\t<\/div>\n\t\t<div class=\"elementor-element elementor-element-fa12f2e e-grid e-con-boxed e-con e-child\" data-id=\"fa12f2e\" data-element_type=\"container\">\n\t\t\t\t\t<div class=\"e-con-inner\">\n\t\t\t\t<div class=\"elementor-element elementor-element-3652392 elementor-widget__width-initial elementor-widget elementor-widget-text-editor\" data-id=\"3652392\" data-element_type=\"widget\" data-widget_type=\"text-editor.default\">\n\t\t\t\t<div class=\"elementor-widget-container\">\n\t\t\t\t\t\t\t\t\t<p>Sitio web actualizado gracias al patrocinio de nuestro aliado:<\/p>\t\t\t\t\t\t\t\t<\/div>\n\t\t\t\t<\/div>\n\t\t\t\t<div class=\"elementor-element elementor-element-1090f39 elementor-widget__width-initial elementor-widget elementor-widget-image\" data-id=\"1090f39\" data-element_type=\"widget\" data-widget_type=\"image.default\">\n\t\t\t\t<div class=\"elementor-widget-container\">\n\t\t\t\t\t\t\t\t\t\t\t\t\t\t\t<img decoding=\"async\" width=\"300\" height=\"194\" src=\"https:\/\/sampin.com.mx\/wp-content\/uploads\/2026\/02\/TARJETA-CUMPLEANOS-5-300x194.png\" class=\"attachment-medium size-medium wp-image-762\" alt=\"\" srcset=\"https:\/\/sampin.com.mx\/wp-content\/uploads\/2026\/02\/TARJETA-CUMPLEANOS-5-300x194.png 300w, https:\/\/sampin.com.mx\/wp-content\/uploads\/2026\/02\/TARJETA-CUMPLEANOS-5-1024x663.png 1024w, https:\/\/sampin.com.mx\/wp-content\/uploads\/2026\/02\/TARJETA-CUMPLEANOS-5-768x497.png 768w, https:\/\/sampin.com.mx\/wp-content\/uploads\/2026\/02\/TARJETA-CUMPLEANOS-5-1536x994.png 1536w, https:\/\/sampin.com.mx\/wp-content\/uploads\/2026\/02\/TARJETA-CUMPLEANOS-5-2048x1325.png 2048w\" sizes=\"(max-width: 300px) 100vw, 300px\" \/>\t\t\t\t\t\t\t\t\t\t\t\t\t\t\t<\/div>\n\t\t\t\t<\/div>\n\t\t\t\t\t<\/div>\n\t\t\t\t<\/div>\n\t\t\t\t<div class=\"elementor-element elementor-element-2927b19 elementor-widget elementor-widget-text-editor\" data-id=\"2927b19\" data-element_type=\"widget\" data-widget_type=\"text-editor.default\">\n\t\t\t\t<div class=\"elementor-widget-container\">\n\t\t\t\t\t\t\t\t\t<p><a href=\"https:\/\/sampin.com.mx\/?page_id=884\">Aviso de Privacidad<\/a><\/p>\t\t\t\t\t\t\t\t<\/div>\n\t\t\t\t<\/div>\n\t\t\t\t<div class=\"elementor-element elementor-element-6fe765a elementor-widget__width-inherit elementor-widget-tablet__width-inherit elementor-testimonial--skin-default elementor-testimonial--layout-image_inline elementor-testimonial--align-center elementor-arrows-yes elementor-pagination-type-bullets elementor-widget elementor-widget-testimonial-carousel\" data-id=\"6fe765a\" data-element_type=\"widget\" data-settings=\"{&quot;show_arrows&quot;:&quot;yes&quot;,&quot;pagination&quot;:&quot;bullets&quot;,&quot;speed&quot;:500,&quot;autoplay&quot;:&quot;yes&quot;,&quot;autoplay_speed&quot;:5000,&quot;loop&quot;:&quot;yes&quot;,&quot;pause_on_hover&quot;:&quot;yes&quot;,&quot;pause_on_interaction&quot;:&quot;yes&quot;,&quot;space_between&quot;:{&quot;unit&quot;:&quot;px&quot;,&quot;size&quot;:10,&quot;sizes&quot;:[]},&quot;space_between_tablet&quot;:{&quot;unit&quot;:&quot;px&quot;,&quot;size&quot;:10,&quot;sizes&quot;:[]},&quot;space_between_mobile&quot;:{&quot;unit&quot;:&quot;px&quot;,&quot;size&quot;:10,&quot;sizes&quot;:[]}}\" data-widget_type=\"testimonial-carousel.default\">\n\t\t\t\t<div class=\"elementor-widget-container\">\n\t\t\t\t\t\t\t\t\t<div class=\"elementor-swiper\">\n\t\t\t\t\t<div class=\"elementor-main-swiper swiper\" role=\"region\" aria-roledescription=\"carousel\" aria-label=\"Slides\">\n\t\t\t\t<div class=\"swiper-wrapper\">\n\t\t\t\t\t\t\t\t\t\t\t<div class=\"swiper-slide\" role=\"group\" aria-roledescription=\"slide\">\n\t\t\t\t\t\t\t\t\t<div class=\"elementor-testimonial\">\n\t\t\t\t\t\t\t<div class=\"elementor-testimonial__content\">\n\t\t\t\t\t<div class=\"elementor-testimonial__text\">\n\t\t\t\t\t\tCopyright \u00a9 2026 Salud Mental Para Indigentes, A.C.\t\t\t\t\t<\/div>\n\t\t\t\t\t\t\t\t\t<\/div>\n\t\t\t\t\t\t<div class=\"elementor-testimonial__footer\">\n\t\t\t\t\t\t\t\t\t\t\t<\/div>\n\t\t<\/div>\n\t\t\t\t\t\t\t\t<\/div>\n\t\t\t\t\t\t\t\t\t<\/div>\n\t\t\t\t\t\t\t<\/div>\n\t\t\t\t<\/div>\n\t\t\t\t\t\t\t\t<\/div>\n\t\t\t\t<\/div>\n\t\t\t\t\t<\/div>\n\t\t\t\t<\/div>\n\t\t\t\t<\/div>\n\t\t","protected":false},"excerpt":{"rendered":"<p>Actual Presidenta del Consejo de Salud Mental para Indigentes, A. C. (SAMPIN) Lic. en Lengua Inglesa (ITESM) y docente. \u00a0 \u00a0 Es lamentable que, en el mundo, millones de horas&hellip;<\/p>\n","protected":false},"author":1,"featured_media":0,"parent":0,"menu_order":0,"comment_status":"closed","ping_status":"closed","template":"elementor_header_footer","meta":{"footnotes":""},"class_list":["post-1026","page","type-page","status-publish","hentry"],"_links":{"self":[{"href":"https:\/\/sampin.com.mx\/index.php?rest_route=\/wp\/v2\/pages\/1026","targetHints":{"allow":["GET"]}}],"collection":[{"href":"https:\/\/sampin.com.mx\/index.php?rest_route=\/wp\/v2\/pages"}],"about":[{"href":"https:\/\/sampin.com.mx\/index.php?rest_route=\/wp\/v2\/types\/page"}],"author":[{"embeddable":true,"href":"https:\/\/sampin.com.mx\/index.php?rest_route=\/wp\/v2\/users\/1"}],"replies":[{"embeddable":true,"href":"https:\/\/sampin.com.mx\/index.php?rest_route=%2Fwp%2Fv2%2Fcomments&post=1026"}],"version-history":[{"count":4,"href":"https:\/\/sampin.com.mx\/index.php?rest_route=\/wp\/v2\/pages\/1026\/revisions"}],"predecessor-version":[{"id":1034,"href":"https:\/\/sampin.com.mx\/index.php?rest_route=\/wp\/v2\/pages\/1026\/revisions\/1034"}],"wp:attachment":[{"href":"https:\/\/sampin.com.mx\/index.php?rest_route=%2Fwp%2Fv2%2Fmedia&parent=1026"}],"curies":[{"name":"wp","href":"https:\/\/api.w.org\/{rel}","templated":true}]}}