{"id":884,"date":"2026-02-13T23:04:25","date_gmt":"2026-02-13T23:04:25","guid":{"rendered":"https:\/\/sampin.com.mx\/?page_id=884"},"modified":"2026-02-13T23:17:20","modified_gmt":"2026-02-13T23:17:20","slug":"aviso-de-privacidad","status":"publish","type":"page","link":"https:\/\/sampin.com.mx\/?page_id=884","title":{"rendered":"Aviso de Privacidad"},"content":{"rendered":"\t\t<div data-elementor-type=\"wp-page\" data-elementor-id=\"884\" class=\"elementor elementor-884\" data-elementor-post-type=\"page\">\n\t\t\t\t<div class=\"elementor-element elementor-element-85ad0c0 e-flex e-con-boxed e-con e-parent\" data-id=\"85ad0c0\" data-element_type=\"container\" data-settings=\"{&quot;background_background&quot;:&quot;classic&quot;}\">\n\t\t\t\t\t<div class=\"e-con-inner\">\n\t\t\t\t<div class=\"elementor-element elementor-element-7d7adf84 elementor-widget__width-initial elementor-widget elementor-widget-heading\" data-id=\"7d7adf84\" data-element_type=\"widget\" data-widget_type=\"heading.default\">\n\t\t\t\t<div class=\"elementor-widget-container\">\n\t\t\t\t\t<h1 class=\"elementor-heading-title elementor-size-default\">Aviso de privacidad <\/h1>\t\t\t\t<\/div>\n\t\t\t\t<\/div>\n\t\t\t\t<div class=\"elementor-element elementor-element-b8bc509 elementor-widget elementor-widget-spacer\" data-id=\"b8bc509\" data-element_type=\"widget\" data-widget_type=\"spacer.default\">\n\t\t\t\t<div class=\"elementor-widget-container\">\n\t\t\t\t\t\t\t<div class=\"elementor-spacer\">\n\t\t\t<div class=\"elementor-spacer-inner\"><\/div>\n\t\t<\/div>\n\t\t\t\t\t\t<\/div>\n\t\t\t\t<\/div>\n\t\t\t\t<div class=\"elementor-element elementor-element-1272b1c elementor-widget elementor-widget-text-editor\" data-id=\"1272b1c\" data-element_type=\"widget\" data-widget_type=\"text-editor.default\">\n\t\t\t\t<div class=\"elementor-widget-container\">\n\t\t\t\t\t\t\t\t\t<p>SALUD MENTAL PARA INDIGENTES, A.C. (en adelante y por brevedad SAMPIN), es el responsable por el tratamiento de sus datos personales. El domicilio fiscal es: Jer\u00f3nimo Trevi\u00f1o #636 Ote. Centro Monterrey, C.P.; y se establece como domicilio para o\u00edr y recibir notificaciones Jer\u00f3nimo Trevi\u00f1o #630 Ote. Centro Monterrey, C.P. Tambi\u00e9n nos puede contactar por medio de nuestro correo: <span style=\"text-decoration: underline;\"><strong>administracion@sampin.com.mx<\/strong><\/span><\/p><p><br \/><strong>Protecci\u00f3n de los Datos Personales.<\/strong><br \/>SAMPIN, asume el compromiso de mantener estrictos mecanismos de protecci\u00f3n, con la finalidad de garantizar que el manejo de sus datos se har\u00e1 con seguridad, integridad, privacidad y confidencialidad observando en todo momento lo se\u00f1alado por el marco normativo de la materia.<\/p><p><br \/><strong>Finalidades del tratamiento a Datos Personales.<\/strong><br \/>Los datos personales para tratar ser\u00e1n utilizados \u00fanicamente para alta como Benefactor, as\u00ed como cumplir con las obligaciones legales \u00fanica y exclusivamente para los siguientes fines: Informaci\u00f3n y prestaci\u00f3n de servicios, actualizaci\u00f3n de la base de datos, cualquier finalidad an\u00e1loga o compatible con las anteriores, lo previsto en la ley de lavado de dinero, art\u00edculo 18.<br \/>Datos Personales bajo tratamiento. Los Datos Personales recabados ser\u00e1n aquellos que usted proporcione directamente a trav\u00e9s de la documentaci\u00f3n que proporcione (formato de antilavado, acta constitutiva, constancia de situaci\u00f3n fiscal actualizada, identificaci\u00f3n de su representante legal y la informaci\u00f3n que sea incluida en los documentos entregados) y aquella informaci\u00f3n que se obtenga a trav\u00e9s de otras fuentes que est\u00e1n permitidas en la Ley.<br \/>Los Datos Personales a los que se dar\u00e1 tratamiento son: Datos de Identificaci\u00f3n (raz\u00f3n social y\/o nombre completo, R.F.C., nacionalidad), Datos Laborales (Domicilio, tel\u00e9fono, correo electr\u00f3nico, puesto).<br \/>En el caso de Datos sensibles, tales como: Datos financieros, patrimoniales, personales y referencias; ser\u00e1n utilizados \u00fanica y exclusivamente para informaci\u00f3n y prestaci\u00f3n de servicios<\/p><p><strong>Cambios en el Aviso de Privacidad.<\/strong><br \/>Para prevenir el acceso no autorizado a sus datos personales y con el fin de asegurar que la informaci\u00f3n sea utilizada para los fines establecidos en este aviso de privacidad, SAMPIN ha establecido diversos procedimientos con la finalidad de evitar el uso o divulgaci\u00f3n no autorizados de sus datos, permiti\u00e9ndonos tratarlos debidamente.<br \/>Este aviso de privacidad podr\u00e1 ser modificado por SALUD MENTAL PARA INDIGENTES A.C., dichas modificaciones ser\u00e1n oportunamente informadas a trav\u00e9s de correo electr\u00f3nico, telef\u00f3nico o cualquier otro medio de comunicaci\u00f3n que SAMPIN determine para tal efecto.<\/p>\t\t\t\t\t\t\t\t<\/div>\n\t\t\t\t<\/div>\n\t\t\t\t<div class=\"elementor-element elementor-element-3dc805c elementor-widget elementor-widget-spacer\" data-id=\"3dc805c\" data-element_type=\"widget\" data-widget_type=\"spacer.default\">\n\t\t\t\t<div class=\"elementor-widget-container\">\n\t\t\t\t\t\t\t<div class=\"elementor-spacer\">\n\t\t\t<div class=\"elementor-spacer-inner\"><\/div>\n\t\t<\/div>\n\t\t\t\t\t\t<\/div>\n\t\t\t\t<\/div>\n\t\t\t\t\t<\/div>\n\t\t\t\t<\/div>\n\t\t<div class=\"elementor-element elementor-element-e9bf902 e-flex e-con-boxed e-con e-parent\" data-id=\"e9bf902\" data-element_type=\"container\">\n\t\t\t\t\t<div class=\"e-con-inner\">\n\t\t\t\t<div class=\"elementor-element elementor-element-ce87302 elementor-widget elementor-widget-spacer\" data-id=\"ce87302\" data-element_type=\"widget\" data-widget_type=\"spacer.default\">\n\t\t\t\t<div class=\"elementor-widget-container\">\n\t\t\t\t\t\t\t<div class=\"elementor-spacer\">\n\t\t\t<div class=\"elementor-spacer-inner\"><\/div>\n\t\t<\/div>\n\t\t\t\t\t\t<\/div>\n\t\t\t\t<\/div>\n\t\t\t\t<div class=\"elementor-element elementor-element-d14c751 elementor-widget__width-initial elementor-shape-rounded elementor-grid-0 e-grid-align-center elementor-widget elementor-widget-social-icons\" data-id=\"d14c751\" data-element_type=\"widget\" data-widget_type=\"social-icons.default\">\n\t\t\t\t<div class=\"elementor-widget-container\">\n\t\t\t\t\t\t\t<div class=\"elementor-social-icons-wrapper elementor-grid\">\n\t\t\t\t\t\t\t<span class=\"elementor-grid-item\">\n\t\t\t\t\t<a class=\"elementor-icon elementor-social-icon elementor-social-icon-facebook elementor-repeater-item-f3a6542\" href=\"https:\/\/www.facebook.com\/sampinac\/\" target=\"_blank\">\n\t\t\t\t\t\t<span class=\"elementor-screen-only\">Facebook<\/span>\n\t\t\t\t\t\t<svg class=\"e-font-icon-svg e-fab-facebook\" viewBox=\"0 0 512 512\" xmlns=\"http:\/\/www.w3.org\/2000\/svg\"><path d=\"M504 256C504 119 393 8 256 8S8 119 8 256c0 123.78 90.69 226.38 209.25 245V327.69h-63V256h63v-54.64c0-62.15 37-96.48 93.67-96.48 27.14 0 55.52 4.84 55.52 4.84v61h-31.28c-30.8 0-40.41 19.12-40.41 38.73V256h68.78l-11 71.69h-57.78V501C413.31 482.38 504 379.78 504 256z\"><\/path><\/svg>\t\t\t\t\t<\/a>\n\t\t\t\t<\/span>\n\t\t\t\t\t\t\t<span class=\"elementor-grid-item\">\n\t\t\t\t\t<a class=\"elementor-icon elementor-social-icon elementor-social-icon-youtube elementor-repeater-item-5fed6fb\" href=\"https:\/\/www.youtube.com\/@benefactoressampin\" target=\"_blank\">\n\t\t\t\t\t\t<span class=\"elementor-screen-only\">Youtube<\/span>\n\t\t\t\t\t\t<svg class=\"e-font-icon-svg e-fab-youtube\" viewBox=\"0 0 576 512\" xmlns=\"http:\/\/www.w3.org\/2000\/svg\"><path d=\"M549.655 124.083c-6.281-23.65-24.787-42.276-48.284-48.597C458.781 64 288 64 288 64S117.22 64 74.629 75.486c-23.497 6.322-42.003 24.947-48.284 48.597-11.412 42.867-11.412 132.305-11.412 132.305s0 89.438 11.412 132.305c6.281 23.65 24.787 41.5 48.284 47.821C117.22 448 288 448 288 448s170.78 0 213.371-11.486c23.497-6.321 42.003-24.171 48.284-47.821 11.412-42.867 11.412-132.305 11.412-132.305s0-89.438-11.412-132.305zm-317.51 213.508V175.185l142.739 81.205-142.739 81.201z\"><\/path><\/svg>\t\t\t\t\t<\/a>\n\t\t\t\t<\/span>\n\t\t\t\t\t\t\t<span class=\"elementor-grid-item\">\n\t\t\t\t\t<a class=\"elementor-icon elementor-social-icon elementor-social-icon-instagram elementor-repeater-item-5a92a4f\" href=\"https:\/\/www.instagram.com\/sampinac\/\" target=\"_blank\">\n\t\t\t\t\t\t<span class=\"elementor-screen-only\">Instagram<\/span>\n\t\t\t\t\t\t<svg class=\"e-font-icon-svg e-fab-instagram\" viewBox=\"0 0 448 512\" xmlns=\"http:\/\/www.w3.org\/2000\/svg\"><path d=\"M224.1 141c-63.6 0-114.9 51.3-114.9 114.9s51.3 114.9 114.9 114.9S339 319.5 339 255.9 287.7 141 224.1 141zm0 189.6c-41.1 0-74.7-33.5-74.7-74.7s33.5-74.7 74.7-74.7 74.7 33.5 74.7 74.7-33.6 74.7-74.7 74.7zm146.4-194.3c0 14.9-12 26.8-26.8 26.8-14.9 0-26.8-12-26.8-26.8s12-26.8 26.8-26.8 26.8 12 26.8 26.8zm76.1 27.2c-1.7-35.9-9.9-67.7-36.2-93.9-26.2-26.2-58-34.4-93.9-36.2-37-2.1-147.9-2.1-184.9 0-35.8 1.7-67.6 9.9-93.9 36.1s-34.4 58-36.2 93.9c-2.1 37-2.1 147.9 0 184.9 1.7 35.9 9.9 67.7 36.2 93.9s58 34.4 93.9 36.2c37 2.1 147.9 2.1 184.9 0 35.9-1.7 67.7-9.9 93.9-36.2 26.2-26.2 34.4-58 36.2-93.9 2.1-37 2.1-147.8 0-184.8zM398.8 388c-7.8 19.6-22.9 34.7-42.6 42.6-29.5 11.7-99.5 9-132.1 9s-102.7 2.6-132.1-9c-19.6-7.8-34.7-22.9-42.6-42.6-11.7-29.5-9-99.5-9-132.1s-2.6-102.7 9-132.1c7.8-19.6 22.9-34.7 42.6-42.6 29.5-11.7 99.5-9 132.1-9s102.7-2.6 132.1 9c19.6 7.8 34.7 22.9 42.6 42.6 11.7 29.5 9 99.5 9 132.1s2.7 102.7-9 132.1z\"><\/path><\/svg>\t\t\t\t\t<\/a>\n\t\t\t\t<\/span>\n\t\t\t\t\t\t\t<span class=\"elementor-grid-item\">\n\t\t\t\t\t<a class=\"elementor-icon elementor-social-icon elementor-social-icon-linkedin elementor-repeater-item-1a69e6d\" href=\"https:\/\/www.linkedin.com\/company\/sampin\/\" target=\"_blank\">\n\t\t\t\t\t\t<span class=\"elementor-screen-only\">Linkedin<\/span>\n\t\t\t\t\t\t<svg class=\"e-font-icon-svg e-fab-linkedin\" viewBox=\"0 0 448 512\" xmlns=\"http:\/\/www.w3.org\/2000\/svg\"><path d=\"M416 32H31.9C14.3 32 0 46.5 0 64.3v383.4C0 465.5 14.3 480 31.9 480H416c17.6 0 32-14.5 32-32.3V64.3c0-17.8-14.4-32.3-32-32.3zM135.4 416H69V202.2h66.5V416zm-33.2-243c-21.3 0-38.5-17.3-38.5-38.5S80.9 96 102.2 96c21.2 0 38.5 17.3 38.5 38.5 0 21.3-17.2 38.5-38.5 38.5zm282.1 243h-66.4V312c0-24.8-.5-56.7-34.5-56.7-34.6 0-39.9 27-39.9 54.9V416h-66.4V202.2h63.7v29.2h.9c8.9-16.8 30.6-34.5 62.9-34.5 67.2 0 79.7 44.3 79.7 101.9V416z\"><\/path><\/svg>\t\t\t\t\t<\/a>\n\t\t\t\t<\/span>\n\t\t\t\t\t<\/div>\n\t\t\t\t\t\t<\/div>\n\t\t\t\t<\/div>\n\t\t<div class=\"elementor-element elementor-element-df49d30 e-grid e-con-boxed e-con e-child\" data-id=\"df49d30\" data-element_type=\"container\">\n\t\t\t\t\t<div class=\"e-con-inner\">\n\t\t\t\t<div class=\"elementor-element elementor-element-8f2d60f elementor-widget__width-initial elementor-widget elementor-widget-text-editor\" data-id=\"8f2d60f\" data-element_type=\"widget\" data-widget_type=\"text-editor.default\">\n\t\t\t\t<div class=\"elementor-widget-container\">\n\t\t\t\t\t\t\t\t\t<p>Sitio web actualizado gracias al patrocinio de nuestro aliado:<\/p>\t\t\t\t\t\t\t\t<\/div>\n\t\t\t\t<\/div>\n\t\t\t\t<div class=\"elementor-element elementor-element-e7ca658 elementor-widget__width-initial elementor-widget elementor-widget-image\" data-id=\"e7ca658\" data-element_type=\"widget\" data-widget_type=\"image.default\">\n\t\t\t\t<div class=\"elementor-widget-container\">\n\t\t\t\t\t\t\t\t\t\t\t\t\t\t\t<img fetchpriority=\"high\" decoding=\"async\" width=\"300\" height=\"194\" src=\"https:\/\/sampin.com.mx\/wp-content\/uploads\/2026\/02\/TARJETA-CUMPLEANOS-5-300x194.png\" class=\"attachment-medium size-medium wp-image-762\" alt=\"\" srcset=\"https:\/\/sampin.com.mx\/wp-content\/uploads\/2026\/02\/TARJETA-CUMPLEANOS-5-300x194.png 300w, https:\/\/sampin.com.mx\/wp-content\/uploads\/2026\/02\/TARJETA-CUMPLEANOS-5-1024x663.png 1024w, https:\/\/sampin.com.mx\/wp-content\/uploads\/2026\/02\/TARJETA-CUMPLEANOS-5-768x497.png 768w, https:\/\/sampin.com.mx\/wp-content\/uploads\/2026\/02\/TARJETA-CUMPLEANOS-5-1536x994.png 1536w, https:\/\/sampin.com.mx\/wp-content\/uploads\/2026\/02\/TARJETA-CUMPLEANOS-5-2048x1325.png 2048w\" sizes=\"(max-width: 300px) 100vw, 300px\" \/>\t\t\t\t\t\t\t\t\t\t\t\t\t\t\t<\/div>\n\t\t\t\t<\/div>\n\t\t\t\t\t<\/div>\n\t\t\t\t<\/div>\n\t\t\t\t<div class=\"elementor-element elementor-element-5b0e91f elementor-widget__width-inherit elementor-widget-tablet__width-inherit elementor-testimonial--skin-default elementor-testimonial--layout-image_inline elementor-testimonial--align-center elementor-arrows-yes elementor-pagination-type-bullets elementor-widget elementor-widget-testimonial-carousel\" data-id=\"5b0e91f\" data-element_type=\"widget\" data-settings=\"{&quot;show_arrows&quot;:&quot;yes&quot;,&quot;pagination&quot;:&quot;bullets&quot;,&quot;speed&quot;:500,&quot;autoplay&quot;:&quot;yes&quot;,&quot;autoplay_speed&quot;:5000,&quot;loop&quot;:&quot;yes&quot;,&quot;pause_on_hover&quot;:&quot;yes&quot;,&quot;pause_on_interaction&quot;:&quot;yes&quot;,&quot;space_between&quot;:{&quot;unit&quot;:&quot;px&quot;,&quot;size&quot;:10,&quot;sizes&quot;:[]},&quot;space_between_tablet&quot;:{&quot;unit&quot;:&quot;px&quot;,&quot;size&quot;:10,&quot;sizes&quot;:[]},&quot;space_between_mobile&quot;:{&quot;unit&quot;:&quot;px&quot;,&quot;size&quot;:10,&quot;sizes&quot;:[]}}\" data-widget_type=\"testimonial-carousel.default\">\n\t\t\t\t<div class=\"elementor-widget-container\">\n\t\t\t\t\t\t\t\t\t<div class=\"elementor-swiper\">\n\t\t\t\t\t<div class=\"elementor-main-swiper swiper\" role=\"region\" aria-roledescription=\"carousel\" aria-label=\"Slides\">\n\t\t\t\t<div class=\"swiper-wrapper\">\n\t\t\t\t\t\t\t\t\t\t\t<div class=\"swiper-slide\" role=\"group\" aria-roledescription=\"slide\">\n\t\t\t\t\t\t\t\t\t<div class=\"elementor-testimonial\">\n\t\t\t\t\t\t\t<div class=\"elementor-testimonial__content\">\n\t\t\t\t\t<div class=\"elementor-testimonial__text\">\n\t\t\t\t\t\tCopyright \u00a9 2026 Salud Mental Para Indigentes, A.C.\t\t\t\t\t<\/div>\n\t\t\t\t\t\t\t\t\t<\/div>\n\t\t\t\t\t\t<div class=\"elementor-testimonial__footer\">\n\t\t\t\t\t\t\t\t\t\t\t<\/div>\n\t\t<\/div>\n\t\t\t\t\t\t\t\t<\/div>\n\t\t\t\t\t\t\t\t\t<\/div>\n\t\t\t\t\t\t\t<\/div>\n\t\t\t\t<\/div>\n\t\t\t\t\t\t\t\t<\/div>\n\t\t\t\t<\/div>\n\t\t\t\t\t<\/div>\n\t\t\t\t<\/div>\n\t\t\t\t<\/div>\n\t\t","protected":false},"excerpt":{"rendered":"<p>Aviso de privacidad SALUD MENTAL PARA INDIGENTES, A.C. (en adelante y por brevedad SAMPIN), es el responsable por el tratamiento de sus datos personales. El domicilio fiscal es: Jer\u00f3nimo Trevi\u00f1o&hellip;<\/p>\n","protected":false},"author":1,"featured_media":0,"parent":0,"menu_order":0,"comment_status":"closed","ping_status":"closed","template":"elementor_header_footer","meta":{"footnotes":""},"class_list":["post-884","page","type-page","status-publish","hentry"],"_links":{"self":[{"href":"https:\/\/sampin.com.mx\/index.php?rest_route=\/wp\/v2\/pages\/884","targetHints":{"allow":["GET"]}}],"collection":[{"href":"https:\/\/sampin.com.mx\/index.php?rest_route=\/wp\/v2\/pages"}],"about":[{"href":"https:\/\/sampin.com.mx\/index.php?rest_route=\/wp\/v2\/types\/page"}],"author":[{"embeddable":true,"href":"https:\/\/sampin.com.mx\/index.php?rest_route=\/wp\/v2\/users\/1"}],"replies":[{"embeddable":true,"href":"https:\/\/sampin.com.mx\/index.php?rest_route=%2Fwp%2Fv2%2Fcomments&post=884"}],"version-history":[{"count":7,"href":"https:\/\/sampin.com.mx\/index.php?rest_route=\/wp\/v2\/pages\/884\/revisions"}],"predecessor-version":[{"id":892,"href":"https:\/\/sampin.com.mx\/index.php?rest_route=\/wp\/v2\/pages\/884\/revisions\/892"}],"wp:attachment":[{"href":"https:\/\/sampin.com.mx\/index.php?rest_route=%2Fwp%2Fv2%2Fmedia&parent=884"}],"curies":[{"name":"wp","href":"https:\/\/api.w.org\/{rel}","templated":true}]}}